{"id":673,"date":"2021-01-20T15:16:12","date_gmt":"2021-01-20T14:16:12","guid":{"rendered":"https:\/\/miqortools.se\/?page_id=673"},"modified":"2023-10-17T13:36:26","modified_gmt":"2023-10-17T11:36:26","slug":"svarvskar","status":"publish","type":"page","link":"https:\/\/miqortools.se\/index.php\/produkter\/svarvskar\/","title":{"rendered":"Svarvsk\u00e4r"},"content":{"rendered":"<div id='av_section_1'  class='avia-section main_color avia-section-default avia-no-border-styling  avia-bg-style-scroll  avia-builder-el-0  el_before_av_layout_row  avia-builder-el-first   container_wrap fullsize' style='background-color: #f7f7f7;background-image: linear-gradient(#f7f7f7,#e2e2e2); '  ><div class='container' ><main  role=\"main\" itemprop=\"mainContentOfPage\"  class='template-page content  av-content-full alpha units'><div class='post-entry post-entry-type-page post-entry-673'><div class='entry-content-wrapper clearfix'>\n<div class=\"flex_column av_two_third  flex_column_div av-zero-column-padding first  avia-builder-el-1  avia-builder-el-no-sibling  \" style='border-radius:0px; '><div  style='padding-bottom:10px; ' class='av-special-heading av-special-heading-h1  blockquote modern-quote  avia-builder-el-2  avia-builder-el-no-sibling  '><div class ='av-subheading av-subheading_above  ' style='font-size:15px;'><p>Produkter<\/p>\n<\/div><h1 class='av-special-heading-tag '  itemprop=\"headline\"  >Svarvsk\u00e4r<\/h1><div class='special-heading-border'><div class='special-heading-inner-border' ><\/div><\/div><\/div><\/div>\n\n<\/div><\/div><\/main><!-- close content main element --><\/div><\/div><div id='av-layout-grid-1'  class='av-layout-grid-container entry-content-wrapper main_color av-flex-cells     avia-builder-el-3  el_after_av_section  el_before_av_section  submenu-not-first container_wrap fullsize' style=' '  >\n<a class=\"av-screen-reader-only\" href=https:\/\/miqortools.se\/wp-content\/uploads\/2022\/01\/miqortools_katalog.pdf  target=\"_blank\" >Follow a manual added link<\/a><div class=\"flex_cell no_margin av_one_half  avia-builder-el-4  el_before_av_cell_one_half  avia-builder-el-first   avia-full-contain avia-link-column av-cell-link \"  style='height:430px; min-height:430px;background:url(https:\/\/miqortools.se\/wp-content\/uploads\/2021\/07\/Miqortools-katalog_2021-2-300x300.png) center center no-repeat scroll; vertical-align:top; padding:30px; '  data-link-column-url=\"https:\/\/miqortools.se\/wp-content\/uploads\/2022\/01\/miqortools_katalog.pdf\"  data-link-column-target=\"_blank\" ><div class='flex_cell_inner' ><p><div  style='height:50px' class='hr hr-invisible   avia-builder-el-5  el_before_av_button_big  avia-builder-el-no-sibling '><span class='hr-inner ' ><span class='hr-inner-style'><\/span><\/span><\/div><br \/>\n<div  class='avia-button-wrap avia-button-center  avia-builder-el-6  el_after_av_hr  avia-builder-el-last ' ><a href='https:\/\/miqortools.se\/wp-content\/uploads\/2022\/04\/miqortools_turning_220214.pdf' class='avia-button avia-button-fullwidth  avia-font-color-theme-color avia-icon_select-yes-left-icon avia-color-custom '  target=\"_blank\"  rel=\"noopener noreferrer\" style='background-color:#f29300; ' ><span class='avia_button_icon avia_button_icon_left' aria-hidden='true' data-av_icon='\uf158' data-av_iconfont='light_'><\/span><span class='avia_iconbox_title' >Ladda ner produktkatalogen <\/span><span class='avia_button_background avia-button avia-button-fullwidth avia-color-theme-color-highlight' ><\/span><\/a><\/div><\/p>\n<\/div><\/div><div class=\"flex_cell no_margin av_one_half  avia-builder-el-7  el_after_av_cell_one_half  avia-builder-el-last   \"  style='height:430px; min-height:430px;background: #f5f5f5; vertical-align:middle; padding:30px 100px 30px 100px ; background-color:#f5f5f5; ' ><div class='flex_cell_inner' ><p><div  style='padding-bottom:10px; ' class='av-special-heading av-special-heading-h1  blockquote modern-quote  avia-builder-el-8  el_before_av_textblock  avia-builder-el-first  '><h1 class='av-special-heading-tag '  itemprop=\"headline\"  >Smarta verktyg med smarta priser<\/h1><div class='special-heading-border'><div class='special-heading-inner-border' ><\/div><\/div><\/div><br \/>\n<section class=\"av_textblock_section \"  itemscope=\"itemscope\" itemtype=\"https:\/\/schema.org\/CreativeWork\" ><div class='avia_textblock  '   itemprop=\"text\" ><p>Vi tar del i utvecklingen och utnyttjar innovationer, f\u00f6rb\u00e4ttringar som g\u00f6r skillnad i dina produktionskostnader.<\/p>\n<p>Bra pris betyder f\u00f6r oss tv\u00e5 saker:<\/p>\n<p>1. Produktens pris bygger p\u00e5 prestanda och kvalitet, inte p\u00e5 varum\u00e4rke<br \/>\n2. R\u00e4tt kvalitet till r\u00e4tt pris<\/p>\n<\/div><\/section><\/p>\n<\/div><\/div><\/div><div id='produkter'  class='avia-section main_color avia-section-huge avia-no-border-styling  avia-bg-style-scroll  avia-builder-el-10  el_after_av_layout_row  avia-builder-el-last   container_wrap fullsize' style='background-color: #f8f8f8;  '  ><div class='container' ><div class='template-page content  av-content-full alpha units'><div class='post-entry post-entry-type-page post-entry-673'><div class='entry-content-wrapper clearfix'>\n<div  style='padding-bottom:40px; font-size:46px;' class='av-special-heading av-special-heading-h3  blockquote modern-quote  avia-builder-el-11  el_before_av_masonry_gallery  avia-builder-el-no-sibling  av-inherit-size '><h3 class='av-special-heading-tag '  itemprop=\"headline\"  >Exempel ur v\u00e5rt sortiment av ISO-svarvsk\u00e4r<\/h3><div class='special-heading-border'><div class='special-heading-inner-border' ><\/div><\/div><\/div>\n<div id='av-masonry-1' class='av-masonry  noHover av-fixed-size av-large-gap av-hover-overlay-active av-masonry-animation-active av-masonry-col-3 av-caption-on-hover av-caption-style-overlay av-masonry-gallery     '  ><div class='av-masonry-container isotope av-js-disabled ' ><div class='av-masonry-entry isotope-item av-masonry-item-no-image '><\/div><a href=\"https:\/\/miqortools.se\/wp-content\/uploads\/2021\/01\/WNMG080408RPKKP20C-1030x1030.jpg\"  aria-label=\"image WNMG080408RPKKP20C\"  id='av-masonry-1-item-550' data-av-masonry-item='550' class='av-masonry-entry isotope-item post-550 attachment type-attachment status-inherit hentry  av-masonry-item-with-image' title=\"WNMG080408RPKKP20C\" alt=\"\"   itemprop=\"thumbnailUrl\" ><div class='av-inner-masonry-sizer'><\/div><figure class='av-inner-masonry main_color'><div class=\"av-masonry-outerimage-container\"><div class=\"av-masonry-image-container\" style=\"background-image: url(https:\/\/miqortools.se\/wp-content\/uploads\/2021\/01\/WNMG080408RPKKP20C-705x705.jpg);\" title=\"WNMG080408RPKKP20C\" ><\/div><\/div><figcaption class='av-inner-masonry-content site-background'><div class='av-inner-masonry-content-pos'><div class='av-inner-masonry-content-pos-content'><div class='avia-arrow'><\/div><h3 class='av-masonry-entry-title entry-title '  itemprop=\"headline\" >WNMG080408RPKKP20C<\/h3><\/div><\/div><\/figcaption><\/figure><\/a><!--end av-masonry entry--><a href=\"https:\/\/miqortools.se\/wp-content\/uploads\/2021\/01\/VNMG160404MRUP15C-1030x1030.jpg\"  aria-label=\"image VNMG160404MRUP15C\"  id='av-masonry-1-item-549' data-av-masonry-item='549' class='av-masonry-entry isotope-item post-549 attachment type-attachment status-inherit hentry  av-masonry-item-with-image' title=\"VNMG160404MRUP15C\" alt=\"\"   itemprop=\"thumbnailUrl\" ><div class='av-inner-masonry-sizer'><\/div><figure class='av-inner-masonry main_color'><div class=\"av-masonry-outerimage-container\"><div class=\"av-masonry-image-container\" style=\"background-image: url(https:\/\/miqortools.se\/wp-content\/uploads\/2021\/01\/VNMG160404MRUP15C-705x705.jpg);\" title=\"VNMG160404MRUP15C\" ><\/div><\/div><figcaption class='av-inner-masonry-content site-background'><div class='av-inner-masonry-content-pos'><div class='av-inner-masonry-content-pos-content'><div class='avia-arrow'><\/div><h3 class='av-masonry-entry-title entry-title '  itemprop=\"headline\" >VNMG160404MRUP15C<\/h3><\/div><\/div><\/figcaption><\/figure><\/a><!--end av-masonry entry--><a href=\"https:\/\/miqortools.se\/wp-content\/uploads\/2021\/01\/VCGT110300EFMK20P-1030x1030.jpg\"  aria-label=\"image VCGT110300EFMK20P\"  id='av-masonry-1-item-548' data-av-masonry-item='548' class='av-masonry-entry isotope-item post-548 attachment type-attachment status-inherit hentry  av-masonry-item-with-image' title=\"VCGT110300EFMK20P\" alt=\"\"   itemprop=\"thumbnailUrl\" ><div class='av-inner-masonry-sizer'><\/div><figure class='av-inner-masonry main_color'><div class=\"av-masonry-outerimage-container\"><div class=\"av-masonry-image-container\" style=\"background-image: url(https:\/\/miqortools.se\/wp-content\/uploads\/2021\/01\/VCGT110300EFMK20P-705x705.jpg);\" title=\"VCGT110300EFMK20P\" ><\/div><\/div><figcaption class='av-inner-masonry-content site-background'><div class='av-inner-masonry-content-pos'><div class='av-inner-masonry-content-pos-content'><div class='avia-arrow'><\/div><h3 class='av-masonry-entry-title entry-title '  itemprop=\"headline\" >VCGT110300EFMK20P<\/h3><\/div><\/div><\/figcaption><\/figure><\/a><!--end av-masonry entry--><a href=\"https:\/\/miqortools.se\/wp-content\/uploads\/2021\/01\/DNMG150608RMPMS25P-1030x1030.jpg\"  aria-label=\"image DNMG150608RMPMS25P\"  id='av-masonry-1-item-547' data-av-masonry-item='547' class='av-masonry-entry isotope-item post-547 attachment type-attachment status-inherit hentry  av-masonry-item-with-image' title=\"DNMG150608RMPMS25P\" alt=\"\"   itemprop=\"thumbnailUrl\" ><div class='av-inner-masonry-sizer'><\/div><figure class='av-inner-masonry main_color'><div class=\"av-masonry-outerimage-container\"><div class=\"av-masonry-image-container\" style=\"background-image: url(https:\/\/miqortools.se\/wp-content\/uploads\/2021\/01\/DNMG150608RMPMS25P-705x705.jpg);\" title=\"DNMG150608RMPMS25P\" ><\/div><\/div><figcaption class='av-inner-masonry-content site-background'><div class='av-inner-masonry-content-pos'><div class='av-inner-masonry-content-pos-content'><div class='avia-arrow'><\/div><h3 class='av-masonry-entry-title entry-title '  itemprop=\"headline\" >DNMG150608RMPMS25P<\/h3><\/div><\/div><\/figcaption><\/figure><\/a><!--end av-masonry entry--><a href=\"https:\/\/miqortools.se\/wp-content\/uploads\/2021\/01\/CNMM190612R2P25C-1030x1030.jpg\"  aria-label=\"image CNMM190612R2P25C\"  id='av-masonry-1-item-546' data-av-masonry-item='546' class='av-masonry-entry isotope-item post-546 attachment type-attachment status-inherit hentry  av-masonry-item-with-image' title=\"CNMM190612R2P25C\" alt=\"\"   itemprop=\"thumbnailUrl\" ><div class='av-inner-masonry-sizer'><\/div><figure class='av-inner-masonry main_color'><div class=\"av-masonry-outerimage-container\"><div class=\"av-masonry-image-container\" style=\"background-image: url(https:\/\/miqortools.se\/wp-content\/uploads\/2021\/01\/CNMM190612R2P25C-705x705.jpg);\" title=\"CNMM190612R2P25C\" ><\/div><\/div><figcaption class='av-inner-masonry-content site-background'><div class='av-inner-masonry-content-pos'><div class='av-inner-masonry-content-pos-content'><div class='avia-arrow'><\/div><h3 class='av-masonry-entry-title entry-title '  itemprop=\"headline\" >CNMM190612R2P25C<\/h3><\/div><\/div><\/figcaption><\/figure><\/a><!--end av-masonry entry--><a href=\"https:\/\/miqortools.se\/wp-content\/uploads\/2021\/01\/CCGT060201FUNK15W-1030x1030.jpg\"  aria-label=\"image CCGT060201FUNK15W\"  id='av-masonry-1-item-545' data-av-masonry-item='545' class='av-masonry-entry isotope-item post-545 attachment type-attachment status-inherit hentry  av-masonry-item-with-image' title=\"CCGT060201FUNK15W\" alt=\"\"   itemprop=\"thumbnailUrl\" ><div class='av-inner-masonry-sizer'><\/div><figure class='av-inner-masonry main_color'><div class=\"av-masonry-outerimage-container\"><div class=\"av-masonry-image-container\" style=\"background-image: url(https:\/\/miqortools.se\/wp-content\/uploads\/2021\/01\/CCGT060201FUNK15W-705x705.jpg);\" title=\"CCGT060201FUNK15W\" ><\/div><\/div><figcaption class='av-inner-masonry-content site-background'><div class='av-inner-masonry-content-pos'><div class='av-inner-masonry-content-pos-content'><div class='avia-arrow'><\/div><h3 class='av-masonry-entry-title entry-title '  itemprop=\"headline\" >CCGT060201FUNK15W<\/h3><\/div><\/div><\/figcaption><\/figure><\/a><!--end av-masonry entry--><\/div><\/div>\n<\/p>\n","protected":false},"excerpt":{"rendered":"","protected":false},"author":2,"featured_media":0,"parent":557,"menu_order":0,"comment_status":"closed","ping_status":"closed","template":"","meta":[],"_links":{"self":[{"href":"https:\/\/miqortools.se\/index.php\/wp-json\/wp\/v2\/pages\/673"}],"collection":[{"href":"https:\/\/miqortools.se\/index.php\/wp-json\/wp\/v2\/pages"}],"about":[{"href":"https:\/\/miqortools.se\/index.php\/wp-json\/wp\/v2\/types\/page"}],"author":[{"embeddable":true,"href":"https:\/\/miqortools.se\/index.php\/wp-json\/wp\/v2\/users\/2"}],"replies":[{"embeddable":true,"href":"https:\/\/miqortools.se\/index.php\/wp-json\/wp\/v2\/comments?post=673"}],"version-history":[{"count":24,"href":"https:\/\/miqortools.se\/index.php\/wp-json\/wp\/v2\/pages\/673\/revisions"}],"predecessor-version":[{"id":866,"href":"https:\/\/miqortools.se\/index.php\/wp-json\/wp\/v2\/pages\/673\/revisions\/866"}],"up":[{"embeddable":true,"href":"https:\/\/miqortools.se\/index.php\/wp-json\/wp\/v2\/pages\/557"}],"wp:attachment":[{"href":"https:\/\/miqortools.se\/index.php\/wp-json\/wp\/v2\/media?parent=673"}],"curies":[{"name":"wp","href":"https:\/\/api.w.org\/{rel}","templated":true}]}}